{"id":1088,"date":"2023-09-20T10:18:19","date_gmt":"2023-09-20T10:18:19","guid":{"rendered":"https:\/\/sinbad2.ujaen.es\/?page_id=1088"},"modified":"2024-04-12T09:58:06","modified_gmt":"2024-04-12T09:58:06","slug":"lineas-de-investigacion","status":"publish","type":"page","link":"https:\/\/sinbad2.ujaen.es\/?page_id=1088","title":{"rendered":"L\u00edneas de investigaci\u00f3n"},"content":{"rendered":"\n<p><\/p>\n\n\n\n<h2 class=\"wp-block-heading tituloPrincipal\">L\u00edneas de investigaci\u00f3n<\/h2>\n\n\n\n<p class=\"ancho\"><\/p>\n\n\n\n<style>.wp-show-posts-columns#wpsp-1087 {margin-left: -3em; }.wp-show-posts-columns#wpsp-1087 .wp-show-posts-inner {margin: 0 0 3em 3em; }<\/style><section id=\"wpsp-1087\" class=\" wp-show-posts-columns wp-show-posts\" style=\"\"><article class=\" wp-show-posts-single post-396 l_nea_de_investigaci type-l_nea_de_investigaci status-publish has-post-thumbnail hentry wpsp-col-4\" itemtype=\"http:\/\/schema.org\/CreativeWork\" itemscope><div class=\"wp-show-posts-inner\" style=\"\">\t\t\t\t\t\t<header class=\"wp-show-posts-entry-header\">\n\t\t\t\t\t\t\t<h5 class=\"wp-show-posts-entry-title\" itemprop=\"headline\"><a href=\"https:\/\/sinbad2.ujaen.es\/?l_nea_de_investigaci=1478-sistemas-de-soporte-la-decision\" rel=\"bookmark\">Sistemas de Soporte a la Decisi\u00f3n<\/a><\/h5>\t\t\t\t\t\t<\/header><!-- .entry-header -->\n\t\t\t\t\t\t\t<div class=\"wp-show-posts-image  wpsp-image-center \">\n\t\t\t<a href=\"https:\/\/sinbad2.ujaen.es\/?l_nea_de_investigaci=1478-sistemas-de-soporte-la-decision\"  title=\"Sistemas de Soporte a la Decisi\u00f3n\"><img loading=\"lazy\" decoding=\"async\" width=\"481\" height=\"300\" src=\"https:\/\/sinbad2.ujaen.es\/wp-content\/uploads\/2016\/06\/soporte-decision.png\" class=\"attachment-full size-full wp-post-image\" alt=\"Sistemas de Soporte a la Decisi\u00f3n\" itemprop=\"image\" \/><\/a>\t\t<\/div>\n\t\t\t\t\t\t\t\t<div class=\"wp-show-posts-entry-summary\" itemprop=\"text\">\n\t\t\t\t\t\t\t<p>Los Sistemas de Ayuda a la Decisi\u00f3n (SSD) dan soporte a todas las fases del proceso de&nbsp;<strong>toma de decisi\u00f3n,&nbsp;<\/strong>de forma que tanto los expertos que participan en el proceso de decisi\u00f3n como los gestores que utilizar\u00e1n la soluci\u00f3n alcanzada por dicho proceso, tendr\u00e1n a sus disposici\u00f3n herramientas que automatizan cada una de las fases que se llevan a cabo en la TD.<\/p>\n\t\t\t\t\t\t<\/div><!-- .entry-summary -->\n\t\t\t\t\t<\/div><!-- wp-show-posts-inner --><\/article><article class=\" wp-show-posts-single post-394 l_nea_de_investigaci type-l_nea_de_investigaci status-publish has-post-thumbnail hentry wpsp-col-4\" itemtype=\"http:\/\/schema.org\/CreativeWork\" itemscope><div class=\"wp-show-posts-inner\" style=\"\">\t\t\t\t\t\t<header class=\"wp-show-posts-entry-header\">\n\t\t\t\t\t\t\t<h5 class=\"wp-show-posts-entry-title\" itemprop=\"headline\"><a href=\"https:\/\/sinbad2.ujaen.es\/?l_nea_de_investigaci=1476-procesos-de-alcance-de-consenso\" rel=\"bookmark\">Procesos de Alcance de Consenso<\/a><\/h5>\t\t\t\t\t\t<\/header><!-- .entry-header -->\n\t\t\t\t\t\t\t<div class=\"wp-show-posts-image  wpsp-image-center \">\n\t\t\t<a href=\"https:\/\/sinbad2.ujaen.es\/?l_nea_de_investigaci=1476-procesos-de-alcance-de-consenso\"  title=\"Procesos de Alcance de Consenso\"><img loading=\"lazy\" decoding=\"async\" width=\"481\" height=\"300\" src=\"https:\/\/sinbad2.ujaen.es\/wp-content\/uploads\/2016\/06\/consenso.png\" class=\"attachment-full size-full wp-post-image\" alt=\"Procesos de Alcance de Consenso\" itemprop=\"image\" \/><\/a>\t\t<\/div>\n\t\t\t\t\t\t\t\t<div class=\"wp-show-posts-entry-summary\" itemprop=\"text\">\n\t\t\t\t\t\t\t<p>El proceso de selecci\u00f3n de alternativas en problemas de decisi\u00f3n con m\u00faltiples expertos puede dar lugar a soluciones que no son aceptadas como buenas por parte de algunos expertos, por lo que el estudio del <strong>Consenso<\/strong> se ha convertido en un campo de investigaci\u00f3n de gran importancia dentro de la TD.<\/p>\n\t\t\t\t\t\t<\/div><!-- .entry-summary -->\n\t\t\t\t\t<\/div><!-- wp-show-posts-inner --><\/article><article class=\" wp-show-posts-single post-392 l_nea_de_investigaci type-l_nea_de_investigaci status-publish has-post-thumbnail hentry wpsp-col-4\" itemtype=\"http:\/\/schema.org\/CreativeWork\" itemscope><div class=\"wp-show-posts-inner\" style=\"\">\t\t\t\t\t\t<header class=\"wp-show-posts-entry-header\">\n\t\t\t\t\t\t\t<h5 class=\"wp-show-posts-entry-title\" itemprop=\"headline\"><a href=\"https:\/\/sinbad2.ujaen.es\/?l_nea_de_investigaci=1474-analisis-de-decision-linguistico\" rel=\"bookmark\">An\u00e1lisis de Decisi\u00f3n Ling\u00fc\u00edstico<\/a><\/h5>\t\t\t\t\t\t<\/header><!-- .entry-header -->\n\t\t\t\t\t\t\t<div class=\"wp-show-posts-image  wpsp-image-center \">\n\t\t\t<a href=\"https:\/\/sinbad2.ujaen.es\/?l_nea_de_investigaci=1474-analisis-de-decision-linguistico\"  title=\"An\u00e1lisis de Decisi\u00f3n Ling\u00fc\u00edstico\"><img loading=\"lazy\" decoding=\"async\" width=\"481\" height=\"300\" src=\"https:\/\/sinbad2.ujaen.es\/wp-content\/uploads\/2016\/06\/adl.png\" class=\"attachment-full size-full wp-post-image\" alt=\"An\u00e1lisis de Decisi\u00f3n Ling\u00fcistico\" itemprop=\"image\" \/><\/a>\t\t<\/div>\n\t\t\t\t\t\t\t\t<div class=\"wp-show-posts-entry-summary\" itemprop=\"text\">\n\t\t\t\t\t\t\t<p>El&nbsp;<strong>an\u00e1lisis de decisi\u00f3n&nbsp;<\/strong>se utiliza para ayudar a los expertos a tomar decisiones consistentes en los problemas de TD cuya informaci\u00f3n es valorada mediante etiquetas ling\u00fc\u00edsticas. En la pr\u00e1ctica la mayor\u00eda de los problemas de TD se componen de un grupo de expertos a los que se les solicita su conocimiento sobre un grupo de alternativas para seleccionar las mejores.<\/p>\n\t\t\t\t\t\t<\/div><!-- .entry-summary -->\n\t\t\t\t\t<\/div><!-- wp-show-posts-inner --><\/article><article class=\" wp-show-posts-single post-390 l_nea_de_investigaci type-l_nea_de_investigaci status-publish has-post-thumbnail hentry wpsp-col-4\" itemtype=\"http:\/\/schema.org\/CreativeWork\" itemscope><div class=\"wp-show-posts-inner\" style=\"\">\t\t\t\t\t\t<header class=\"wp-show-posts-entry-header\">\n\t\t\t\t\t\t\t<h5 class=\"wp-show-posts-entry-title\" itemprop=\"headline\"><a href=\"https:\/\/sinbad2.ujaen.es\/?l_nea_de_investigaci=1472-computacion-con-palabras\" rel=\"bookmark\">Computaci\u00f3n con Palabras<\/a><\/h5>\t\t\t\t\t\t<\/header><!-- .entry-header -->\n\t\t\t\t\t\t\t<div class=\"wp-show-posts-image  wpsp-image-center \">\n\t\t\t<a href=\"https:\/\/sinbad2.ujaen.es\/?l_nea_de_investigaci=1472-computacion-con-palabras\"  title=\"Computaci\u00f3n con Palabras\"><img loading=\"lazy\" decoding=\"async\" width=\"481\" height=\"300\" src=\"https:\/\/sinbad2.ujaen.es\/wp-content\/uploads\/2016\/06\/computacionpalabras_0.png\" class=\"attachment-full size-full wp-post-image\" alt=\"Computaci\u00f3n con Palabras\" itemprop=\"image\" \/><\/a>\t\t<\/div>\n\t\t\t\t\t\t\t\t<div class=\"wp-show-posts-entry-summary\" itemprop=\"text\">\n\t\t\t\t\t\t\t<p>El uso del enfoque ling\u00fc\u00edstico implica la necesidad de realizar procesos de operar con palabras, denominados en ingl\u00e9s&nbsp;<em><strong>Computing with Words<\/strong><\/em><strong>&nbsp;(CW)<\/strong>.&nbsp;Desde los a\u00f1os 70 el concepto de CW ha sido ampliamente utilizado en diferentes \u00e1reas de investigaci\u00f3n. CW es una metodolog\u00eda que permite realizar proceso de computaci\u00f3n y razonamiento utilizando palabras pertenecientes a un lenguaje en lugar de n\u00fameros.<\/p>\n\t\t\t\t\t\t<\/div><!-- .entry-summary -->\n\t\t\t\t\t<\/div><!-- wp-show-posts-inner --><\/article><article class=\" wp-show-posts-single post-388 l_nea_de_investigaci type-l_nea_de_investigaci status-publish has-post-thumbnail hentry wpsp-col-4\" itemtype=\"http:\/\/schema.org\/CreativeWork\" itemscope><div class=\"wp-show-posts-inner\" style=\"\">\t\t\t\t\t\t<header class=\"wp-show-posts-entry-header\">\n\t\t\t\t\t\t\t<h5 class=\"wp-show-posts-entry-title\" itemprop=\"headline\"><a href=\"https:\/\/sinbad2.ujaen.es\/?l_nea_de_investigaci=1470-modelado-de-preferencias\" rel=\"bookmark\">Modelado de Preferencias<\/a><\/h5>\t\t\t\t\t\t<\/header><!-- .entry-header -->\n\t\t\t\t\t\t\t<div class=\"wp-show-posts-image  wpsp-image-center \">\n\t\t\t<a href=\"https:\/\/sinbad2.ujaen.es\/?l_nea_de_investigaci=1470-modelado-de-preferencias\"  title=\"Modelado de Preferencias\"><img loading=\"lazy\" decoding=\"async\" width=\"481\" height=\"300\" src=\"https:\/\/sinbad2.ujaen.es\/wp-content\/uploads\/2016\/06\/preferences.png\" class=\"attachment-full size-full wp-post-image\" alt=\"Modelado de Preferencias\" itemprop=\"image\" \/><\/a>\t\t<\/div>\n\t\t\t\t\t\t\t\t<div class=\"wp-show-posts-entry-summary\" itemprop=\"text\">\n\t\t\t\t\t\t\t<p>El&nbsp;<strong>modelado de preferencias<\/strong>&nbsp;es una de las actividades inevitables en los Problemas de Toma de Decisi\u00f3n, independientemente del \u00e1rea en el que se est\u00e1 trabajando. Los expertos en base a su conocimiento, experiencias y creencias han de emitir sus valoraciones sobre el conjunto de alternativas y establecer un orden de preferencia sobre la idoneidad de cada una ellas como soluci\u00f3n al problema.<\/p>\n\t\t\t\t\t\t<\/div><!-- .entry-summary -->\n\t\t\t\t\t<\/div><!-- wp-show-posts-inner --><\/article><article class=\" wp-show-posts-single post-386 l_nea_de_investigaci type-l_nea_de_investigaci status-publish has-post-thumbnail hentry wpsp-col-4\" itemtype=\"http:\/\/schema.org\/CreativeWork\" itemscope><div class=\"wp-show-posts-inner\" style=\"\">\t\t\t\t\t\t<header class=\"wp-show-posts-entry-header\">\n\t\t\t\t\t\t\t<h5 class=\"wp-show-posts-entry-title\" itemprop=\"headline\"><a href=\"https:\/\/sinbad2.ujaen.es\/?l_nea_de_investigaci=1450-sistemas-de-recomendacion\" rel=\"bookmark\">Sistemas de Recomendaci\u00f3n<\/a><\/h5>\t\t\t\t\t\t<\/header><!-- .entry-header -->\n\t\t\t\t\t\t\t<div class=\"wp-show-posts-image  wpsp-image-center \">\n\t\t\t<a href=\"https:\/\/sinbad2.ujaen.es\/?l_nea_de_investigaci=1450-sistemas-de-recomendacion\"  title=\"Sistemas de Recomendaci\u00f3n\"><img loading=\"lazy\" decoding=\"async\" width=\"481\" height=\"300\" src=\"https:\/\/sinbad2.ujaen.es\/wp-content\/uploads\/2016\/06\/recommend_1.png\" class=\"attachment-full size-full wp-post-image\" alt=\"Sistemas de Recomendaci\u00f3n\" itemprop=\"image\" \/><\/a>\t\t<\/div>\n\t\t\t\t\t\t\t\t<div class=\"wp-show-posts-entry-summary\" itemprop=\"text\">\n\t\t\t\t\t\t\t<p>Los&nbsp;<strong>sistemas de recomendaci\u00f3n<\/strong>&nbsp;han&nbsp;sido una de las claves en el desarrollo y \u00e9xito del comercio electr\u00f3nico. El objetivo de esta clase de software es ayudar a los usuarios en sus procesos de b\u00fasqueda gui\u00e1ndolos hacia productos interesantes por medio de recomendaciones, mostr\u00e1ndoles los productos ordenados seg\u00fan satisfagan las necesidades de los usuarios.<\/p>\n\t\t\t\t\t\t<\/div><!-- .entry-summary -->\n\t\t\t\t\t<\/div><!-- wp-show-posts-inner --><\/article><article class=\" wp-show-posts-single post-384 l_nea_de_investigaci type-l_nea_de_investigaci status-publish has-post-thumbnail hentry wpsp-col-4\" itemtype=\"http:\/\/schema.org\/CreativeWork\" itemscope><div class=\"wp-show-posts-inner\" style=\"\">\t\t\t\t\t\t<header class=\"wp-show-posts-entry-header\">\n\t\t\t\t\t\t\t<h5 class=\"wp-show-posts-entry-title\" itemprop=\"headline\"><a href=\"https:\/\/sinbad2.ujaen.es\/?l_nea_de_investigaci=1448-toma-de-decisiones\" rel=\"bookmark\">Toma de Decisiones<\/a><\/h5>\t\t\t\t\t\t<\/header><!-- .entry-header -->\n\t\t\t\t\t\t\t<div class=\"wp-show-posts-image  wpsp-image-center \">\n\t\t\t<a href=\"https:\/\/sinbad2.ujaen.es\/?l_nea_de_investigaci=1448-toma-de-decisiones\"  title=\"Toma de Decisiones\"><img loading=\"lazy\" decoding=\"async\" width=\"481\" height=\"300\" src=\"https:\/\/sinbad2.ujaen.es\/wp-content\/uploads\/2016\/06\/toma_0.png\" class=\"attachment-full size-full wp-post-image\" alt=\"Toma de Decisiones\" itemprop=\"image\" \/><\/a>\t\t<\/div>\n\t\t\t\t\t\t\t\t<div class=\"wp-show-posts-entry-summary\" itemprop=\"text\">\n\t\t\t\t\t\t\t<p>La&nbsp;<strong>Toma de Decisiones (TD)&nbsp;<\/strong>es un proceso complejo y una de las actividades fundamentales de los humanos. En TD hablamos de dos \u00e1reas diferenciadas: (i) La selecci\u00f3n de alternativas que trata de encontrar el mejor conjunto de alternativa\/s para dar soluci\u00f3n a un problema de Decisi\u00f3n, y (ii) el Consenso que mide el grado de acuerdo existente entre los expertos participantes en el problema de TD.<\/p>\n\t\t\t\t\t\t<\/div><!-- .entry-summary -->\n\t\t\t\t\t<\/div><!-- wp-show-posts-inner --><\/article><div class=\"wpsp-clear\"><\/div><\/section><!-- .wp-show-posts -->\n","protected":false},"excerpt":{"rendered":"<p>L\u00edneas de investigaci\u00f3n<\/p>\n","protected":false},"author":1,"featured_media":0,"parent":0,"menu_order":0,"comment_status":"closed","ping_status":"closed","template":"","meta":{"_acf_changed":false,"footnotes":"","_links_to":"","_links_to_target":""},"class_list":["post-1088","page","type-page","status-publish","hentry"],"acf":[],"_links":{"self":[{"href":"https:\/\/sinbad2.ujaen.es\/index.php?rest_route=\/wp\/v2\/pages\/1088","targetHints":{"allow":["GET"]}}],"collection":[{"href":"https:\/\/sinbad2.ujaen.es\/index.php?rest_route=\/wp\/v2\/pages"}],"about":[{"href":"https:\/\/sinbad2.ujaen.es\/index.php?rest_route=\/wp\/v2\/types\/page"}],"author":[{"embeddable":true,"href":"https:\/\/sinbad2.ujaen.es\/index.php?rest_route=\/wp\/v2\/users\/1"}],"replies":[{"embeddable":true,"href":"https:\/\/sinbad2.ujaen.es\/index.php?rest_route=%2Fwp%2Fv2%2Fcomments&post=1088"}],"version-history":[{"count":12,"href":"https:\/\/sinbad2.ujaen.es\/index.php?rest_route=\/wp\/v2\/pages\/1088\/revisions"}],"predecessor-version":[{"id":1448,"href":"https:\/\/sinbad2.ujaen.es\/index.php?rest_route=\/wp\/v2\/pages\/1088\/revisions\/1448"}],"wp:attachment":[{"href":"https:\/\/sinbad2.ujaen.es\/index.php?rest_route=%2Fwp%2Fv2%2Fmedia&parent=1088"}],"curies":[{"name":"wp","href":"https:\/\/api.w.org\/{rel}","templated":true}]}}