{"id":1105,"date":"2023-09-25T10:05:42","date_gmt":"2023-09-25T10:05:42","guid":{"rendered":"https:\/\/sinbad2.ujaen.es\/?page_id=1105"},"modified":"2024-06-13T15:06:09","modified_gmt":"2024-06-13T15:06:09","slug":"aplicaciones","status":"publish","type":"page","link":"https:\/\/sinbad2.ujaen.es\/?page_id=1105","title":{"rendered":"Aplicaciones"},"content":{"rendered":"\n<p><\/p>\n\n\n\n<p><\/p>\n\n\n\n<style>.wp-show-posts-columns#wpsp-1107 {margin-left: -20em; }.wp-show-posts-columns#wpsp-1107 .wp-show-posts-inner {margin: 0 0 20em 20em; }<\/style><section id=\"wpsp-1107\" class=\" wp-show-posts-columns wp-show-posts\" style=\"\"><article class=\" wp-show-posts-single post-264 aplicaci_n type-aplicaci_n status-publish has-post-thumbnail hentry wpsp-col-6\" itemtype=\"http:\/\/schema.org\/CreativeWork\" itemscope><div class=\"wp-show-posts-inner\" style=\"\">\t\t\t\t\t\t<header class=\"wp-show-posts-entry-header\">\n\t\t\t\t\t\t\t<h4 class=\"wp-show-posts-entry-title\" itemprop=\"headline\"><a href=\"http:\/\/sinbad2.ujaen.es\/reja\/\" rel=\"bookmark\">REJA<\/a><\/h4>\t\t\t\t\t\t<\/header><!-- .entry-header -->\n\t\t\t\t\t\t\t<div class=\"wp-show-posts-image  wpsp-image-center \">\n\t\t\t<a href=\"http:\/\/sinbad2.ujaen.es\/reja\/\"  title=\"REJA\"><img loading=\"lazy\" decoding=\"async\" width=\"182\" height=\"103\" src=\"https:\/\/sinbad2.ujaen.es\/wp-content\/uploads\/2023\/02\/reja_logo.png\" class=\"attachment-full size-full wp-post-image\" alt=\"reja_logo\" itemprop=\"image\" \/><\/a>\t\t<\/div>\n\t\t\t\t\t\t\t\t<div class=\"wp-show-posts-entry-content\" itemprop=\"text\">\n\t\t\t\t\t\t\t\n<p>REJA (Sistema de Recomendaci\u00f3n de Restaurantes Geo-referenciado de Ja\u00e9n) es un sistema de recomendaci\u00f3n web de restaurantes a lo largo y ancho de la provincia de Ja\u00e9n. Su funcionamiento interno es sumamente complejo pero lo que a usted realmente le interesa es lo siguiente: puede recibir recomendaciones de restaurantes de toda la provincia que, podemos asegurarle y le aseguramos, van a ser de su entero gusto.<\/p>\n\t\t\t\t\t\t<\/div><!-- .entry-content -->\n\t\t\t\t\t<\/div><!-- wp-show-posts-inner --><\/article><article class=\" wp-show-posts-single post-83681 aplicaci_n type-aplicaci_n status-publish hentry wpsp-col-6\" itemtype=\"http:\/\/schema.org\/CreativeWork\" itemscope><div class=\"wp-show-posts-inner\" style=\"\">\t\t\t\t\t\t<header class=\"wp-show-posts-entry-header\">\n\t\t\t\t\t\t\t<h4 class=\"wp-show-posts-entry-title\" itemprop=\"headline\"><a href=\"https:\/\/github.com\/toledomateus\/pygrex\" rel=\"bookmark\">PY-GREX<\/a><\/h4>\t\t\t\t\t\t<\/header><!-- .entry-header -->\n\t\t\t\t\t\t\t\t\t\t\t<div class=\"wp-show-posts-entry-content\" itemprop=\"text\">\n\t\t\t\t\t\t\t\t\t\t\t\t\t<\/div><!-- .entry-content -->\n\t\t\t\t\t<\/div><!-- wp-show-posts-inner --><\/article><article class=\" wp-show-posts-single post-83676 aplicaci_n type-aplicaci_n status-publish hentry wpsp-col-6\" itemtype=\"http:\/\/schema.org\/CreativeWork\" itemscope><div class=\"wp-show-posts-inner\" style=\"\">\t\t\t\t\t\t<header class=\"wp-show-posts-entry-header\">\n\t\t\t\t\t\t\t<h4 class=\"wp-show-posts-entry-title\" itemprop=\"headline\"><a href=\"https:\/\/github.com\/sinbad2-ujaen\/phonendo\" rel=\"bookmark\">Phonendo\u00a0<\/a><\/h4>\t\t\t\t\t\t<\/header><!-- .entry-header -->\n\t\t\t\t\t\t\t\t\t\t\t<div class=\"wp-show-posts-entry-content\" itemprop=\"text\">\n\t\t\t\t\t\t\t\t\t\t\t\t\t<\/div><!-- .entry-content -->\n\t\t\t\t\t<\/div><!-- wp-show-posts-inner --><\/article><article class=\" wp-show-posts-single post-265 aplicaci_n type-aplicaci_n status-publish has-post-thumbnail hentry wpsp-col-6\" itemtype=\"http:\/\/schema.org\/CreativeWork\" itemscope><div class=\"wp-show-posts-inner\" style=\"\">\t\t\t\t\t\t<header class=\"wp-show-posts-entry-header\">\n\t\t\t\t\t\t\t<h4 class=\"wp-show-posts-entry-title\" itemprop=\"headline\"><a href=\"http:\/\/sinbad2.ujaen.es\/radiouja\" rel=\"bookmark\">OL-Radio<\/a><\/h4>\t\t\t\t\t\t<\/header><!-- .entry-header -->\n\t\t\t\t\t\t\t<div class=\"wp-show-posts-image  wpsp-image-center \">\n\t\t\t<a href=\"http:\/\/sinbad2.ujaen.es\/radiouja\"  title=\"OL-Radio\"><img loading=\"lazy\" decoding=\"async\" width=\"353\" height=\"146\" src=\"https:\/\/sinbad2.ujaen.es\/wp-content\/uploads\/2014\/12\/radio_logo.png\" class=\"attachment-full size-full wp-post-image\" alt=\"radio_logo\" itemprop=\"image\" \/><\/a>\t\t<\/div>\n\t\t\t\t\t\t\t\t<div class=\"wp-show-posts-entry-content\" itemprop=\"text\">\n\t\t\t\t\t\t\t\n<p>OL-Radio (Radio Colaborativa bajo Licencia Creative Commons) es una radio colaborativa por Internet que difunde y recomienda a los usuarios canciones, todas ellas bajo licencia Creative Commons.<\/p>\n\t\t\t\t\t\t<\/div><!-- .entry-content -->\n\t\t\t\t\t<\/div><!-- wp-show-posts-inner --><\/article><article class=\" wp-show-posts-single post-269 aplicaci_n type-aplicaci_n status-publish has-post-thumbnail hentry wpsp-col-6\" itemtype=\"http:\/\/schema.org\/CreativeWork\" itemscope><div class=\"wp-show-posts-inner\" style=\"\">\t\t\t\t\t\t<header class=\"wp-show-posts-entry-header\">\n\t\t\t\t\t\t\t<h4 class=\"wp-show-posts-entry-title\" itemprop=\"headline\"><a href=\"http:\/\/sinbad2.ujaen.es\/mspev3%20\" rel=\"bookmark\">MSPEV<\/a><\/h4>\t\t\t\t\t\t<\/header><!-- .entry-header -->\n\t\t\t\t\t\t\t<div class=\"wp-show-posts-image  wpsp-image-center \">\n\t\t\t<a href=\"http:\/\/sinbad2.ujaen.es\/mspev3%20\"  title=\"MSPEV\"><img loading=\"lazy\" decoding=\"async\" width=\"282\" height=\"128\" src=\"https:\/\/sinbad2.ujaen.es\/wp-content\/uploads\/2014\/12\/mspev_logo.png\" class=\"attachment-full size-full wp-post-image\" alt=\"mspev_logo\" itemprop=\"image\" \/><\/a>\t\t<\/div>\n\t\t\t\t\t\t\t\t<div class=\"wp-show-posts-entry-content\" itemprop=\"text\">\n\t\t\t\t\t\t\t\n<p>MSPEV es una herramienta para gesti\u00f3n de procesos de evaluaci\u00f3n del desempe\u00f1o 360\u00ba en los cuales se maneja informaci\u00f3n heterog\u00e9nea (num\u00e9rica, intervalar y ling\u00fc\u00edstica) y donde los criterios de evaluaci\u00f3n pueden estar relacionados entre si.<\/p>\n\t\t\t\t\t\t<\/div><!-- .entry-content -->\n\t\t\t\t\t<\/div><!-- wp-show-posts-inner --><\/article><article class=\" wp-show-posts-single post-271 aplicaci_n type-aplicaci_n status-publish has-post-thumbnail hentry wpsp-col-6\" itemtype=\"http:\/\/schema.org\/CreativeWork\" itemscope><div class=\"wp-show-posts-inner\" style=\"\">\t\t\t\t\t\t<header class=\"wp-show-posts-entry-header\">\n\t\t\t\t\t\t\t<h4 class=\"wp-show-posts-entry-title\" itemprop=\"headline\"><a href=\"#\" rel=\"bookmark\">Interfaz para Generar Sem\u00e1ntica en Conjuntos de Etiquetas Ling\u00fc\u00edsticas no Balanceados<\/a><\/h4>\t\t\t\t\t\t<\/header><!-- .entry-header -->\n\t\t\t\t\t\t\t<div class=\"wp-show-posts-image  wpsp-image-center \">\n\t\t\t<a href=\"#\"  title=\"Interfaz para Generar Sem\u00e1ntica en Conjuntos de Etiquetas Ling\u00fc\u00edsticas no Balanceados\"><img loading=\"lazy\" decoding=\"async\" width=\"300\" height=\"95\" src=\"https:\/\/sinbad2.ujaen.es\/wp-content\/uploads\/2018\/05\/app_0.png\" class=\"attachment-full size-full wp-post-image\" alt=\"Interfaz para Generar\" itemprop=\"image\" \/><\/a>\t\t<\/div>\n\t\t\t\t\t\t\t\t<div class=\"wp-show-posts-entry-content\" itemprop=\"text\">\n\t\t\t\t\t\t\t\t\t\t\t\t\t<\/div><!-- .entry-content -->\n\t\t\t\t\t<\/div><!-- wp-show-posts-inner --><\/article><article class=\" wp-show-posts-single post-274 aplicaci_n type-aplicaci_n status-publish has-post-thumbnail hentry wpsp-col-6\" itemtype=\"http:\/\/schema.org\/CreativeWork\" itemscope><div class=\"wp-show-posts-inner\" style=\"\">\t\t\t\t\t\t<header class=\"wp-show-posts-entry-header\">\n\t\t\t\t\t\t\t<h4 class=\"wp-show-posts-entry-title\" itemprop=\"headline\"><a href=\"https:\/\/sinbad2.ujaen.es\/flintstones\/\" rel=\"bookmark\">FLINTSTONES<\/a><\/h4>\t\t\t\t\t\t<\/header><!-- .entry-header -->\n\t\t\t\t\t\t\t<div class=\"wp-show-posts-image  wpsp-image-center \">\n\t\t\t<a href=\"https:\/\/sinbad2.ujaen.es\/flintstones\/\"  title=\"FLINTSTONES\"><img loading=\"lazy\" decoding=\"async\" width=\"400\" height=\"125\" src=\"https:\/\/sinbad2.ujaen.es\/wp-content\/uploads\/2023\/02\/flintstones.png\" class=\"attachment-full size-full wp-post-image\" alt=\"flintstones\" itemprop=\"image\" \/><\/a>\t\t<\/div>\n\t\t\t\t\t\t\t\t<div class=\"wp-show-posts-entry-content\" itemprop=\"text\">\n\t\t\t\t\t\t\t\n<p><\/p>\n\n\n\n<p>Herramienta de software que implementa el modelo ling\u00fc\u00edstico 2-tupla para resolver problemas de toma de decisiones bajo incertidumbre ling\u00fc\u00edsticas y sus extensiones para hacer frente a marcos complejos como los marcos ling\u00fc\u00edsticos multi-granular, marcos heterog\u00e9neos y marcos ling\u00fc\u00edsticos no balanceados.<\/p>\n\t\t\t\t\t\t<\/div><!-- .entry-content -->\n\t\t\t\t\t<\/div><!-- wp-show-posts-inner --><\/article><article class=\" wp-show-posts-single post-83678 aplicaci_n type-aplicaci_n status-publish hentry wpsp-col-6\" itemtype=\"http:\/\/schema.org\/CreativeWork\" itemscope><div class=\"wp-show-posts-inner\" style=\"\">\t\t\t\t\t\t<header class=\"wp-show-posts-entry-header\">\n\t\t\t\t\t\t\t<h4 class=\"wp-show-posts-entry-title\" itemprop=\"headline\"><a href=\"https:\/\/github.com\/Juanan151\/Trazability\" rel=\"bookmark\">Demo de Trazabilidad<\/a><\/h4>\t\t\t\t\t\t<\/header><!-- .entry-header -->\n\t\t\t\t\t\t\t\t\t\t\t<div class=\"wp-show-posts-entry-content\" itemprop=\"text\">\n\t\t\t\t\t\t\t\t\t\t\t\t\t<\/div><!-- .entry-content -->\n\t\t\t\t\t<\/div><!-- wp-show-posts-inner --><\/article><div class=\"wpsp-clear\"><\/div><\/section><!-- .wp-show-posts --><div class=\"wpsp-load-more\"><span aria-current=\"page\" class=\"page-numbers current\">1<\/span>\n<a class=\"page-numbers\" href=\"https:\/\/sinbad2.ujaen.es\/index.php\/?paged=2&#038;rest_route=%2Fwp%2Fv2%2Fpages%2F1105\">2<\/a>\n<a class=\"next page-numbers\" href=\"https:\/\/sinbad2.ujaen.es\/index.php\/?paged=2&#038;rest_route=%2Fwp%2Fv2%2Fpages%2F1105\">Siguiente &rarr;<\/a><\/div>\n","protected":false},"excerpt":{"rendered":"","protected":false},"author":1,"featured_media":0,"parent":0,"menu_order":0,"comment_status":"closed","ping_status":"closed","template":"","meta":{"_acf_changed":false,"footnotes":"","_links_to":"","_links_to_target":""},"class_list":["post-1105","page","type-page","status-publish","hentry"],"acf":[],"_links":{"self":[{"href":"https:\/\/sinbad2.ujaen.es\/index.php?rest_route=\/wp\/v2\/pages\/1105","targetHints":{"allow":["GET"]}}],"collection":[{"href":"https:\/\/sinbad2.ujaen.es\/index.php?rest_route=\/wp\/v2\/pages"}],"about":[{"href":"https:\/\/sinbad2.ujaen.es\/index.php?rest_route=\/wp\/v2\/types\/page"}],"author":[{"embeddable":true,"href":"https:\/\/sinbad2.ujaen.es\/index.php?rest_route=\/wp\/v2\/users\/1"}],"replies":[{"embeddable":true,"href":"https:\/\/sinbad2.ujaen.es\/index.php?rest_route=%2Fwp%2Fv2%2Fcomments&post=1105"}],"version-history":[{"count":6,"href":"https:\/\/sinbad2.ujaen.es\/index.php?rest_route=\/wp\/v2\/pages\/1105\/revisions"}],"predecessor-version":[{"id":1597,"href":"https:\/\/sinbad2.ujaen.es\/index.php?rest_route=\/wp\/v2\/pages\/1105\/revisions\/1597"}],"wp:attachment":[{"href":"https:\/\/sinbad2.ujaen.es\/index.php?rest_route=%2Fwp%2Fv2%2Fmedia&parent=1105"}],"curies":[{"name":"wp","href":"https:\/\/api.w.org\/{rel}","templated":true}]}}