{"id":1914,"date":"2025-10-01T13:51:44","date_gmt":"2025-10-01T13:51:44","guid":{"rendered":"https:\/\/sinbad2.ujaen.es\/?page_id=1914"},"modified":"2025-10-02T11:41:35","modified_gmt":"2025-10-02T11:41:35","slug":"grupos-de-investigacion","status":"publish","type":"page","link":"https:\/\/sinbad2.ujaen.es\/?page_id=1914","title":{"rendered":"Laboratorios"},"content":{"rendered":"\n<style>.wp-show-posts-columns#wpsp-1913 {margin-left: -2em; }.wp-show-posts-columns#wpsp-1913 .wp-show-posts-inner {margin: 0 0 2em 2em; }<\/style><section id=\"wpsp-1913\" class=\" wp-show-posts\" style=\"\"><article class=\" wp-show-posts-single wpsp-clearfix post-1919 grupo type-grupo status-publish has-post-thumbnail hentry\" itemtype=\"http:\/\/schema.org\/CreativeWork\" itemscope><div class=\"wp-show-posts-inner\" style=\"\">\t\t<div class=\"wp-show-posts-image  wpsp-image-center \">\n\t\t\t<a href=\"https:\/\/sinbad2.ujaen.es\/?grupo=grupo-3\"  title=\"Laboratorio de Inteligencia Artificial y Sistemas de Decisi\u00f3n\"><img loading=\"lazy\" decoding=\"async\" width=\"1640\" height=\"924\" src=\"https:\/\/sinbad2.ujaen.es\/wp-content\/uploads\/2025\/10\/Diseno_sin_titulo_12.png\" class=\"attachment-full size-full wp-post-image\" alt=\"\" itemprop=\"image\" srcset=\"https:\/\/sinbad2.ujaen.es\/wp-content\/uploads\/2025\/10\/Diseno_sin_titulo_12.png 1640w, https:\/\/sinbad2.ujaen.es\/wp-content\/uploads\/2025\/10\/Diseno_sin_titulo_12-300x169.png 300w, https:\/\/sinbad2.ujaen.es\/wp-content\/uploads\/2025\/10\/Diseno_sin_titulo_12-1024x577.png 1024w, https:\/\/sinbad2.ujaen.es\/wp-content\/uploads\/2025\/10\/Diseno_sin_titulo_12-768x433.png 768w, https:\/\/sinbad2.ujaen.es\/wp-content\/uploads\/2025\/10\/Diseno_sin_titulo_12-1536x865.png 1536w\" sizes=\"auto, (max-width: 1640px) 100vw, 1640px\" \/><\/a>\t\t<\/div>\n\t\t\t\t\t\t\t\t<header class=\"wp-show-posts-entry-header\">\n\t\t\t\t\t\t\t<h2 class=\"wp-show-posts-entry-title\" itemprop=\"headline\"><a href=\"https:\/\/sinbad2.ujaen.es\/?grupo=grupo-3\" rel=\"bookmark\">Laboratorio de Inteligencia Artificial y Sistemas de Decisi\u00f3n<\/a><\/h2>\t\t\t\t\t\t<\/header><!-- .entry-header -->\n\t\t\t\t\t\t\t\t\t\t\t<div class=\"wp-show-posts-entry-summary\" itemprop=\"text\">\n\t\t\t\t\t\t\t<p>El laboratorio centra su actividad en la investigaci\u00f3n aplicada y la transferencia tecnol\u00f3gica en el \u00e1mbito de la inteligencia artificial, los sistemas de decisi\u00f3n y los sistemas de recomendaci\u00f3n, con&#8230;<\/p>\n\t\t\t\t\t\t<\/div><!-- .entry-summary -->\n\t\t\t\t\t<\/div><!-- wp-show-posts-inner --><div class=\"wpsp-clear\"><\/div><\/article><article class=\" wp-show-posts-single wpsp-clearfix post-1916 grupo type-grupo status-publish has-post-thumbnail hentry\" itemtype=\"http:\/\/schema.org\/CreativeWork\" itemscope><div class=\"wp-show-posts-inner\" style=\"\">\t\t<div class=\"wp-show-posts-image  wpsp-image-center \">\n\t\t\t<a href=\"https:\/\/sinbad2.ujaen.es\/?grupo=grupo-2\"  title=\"Laboratorio de Toma de Decisiones\"><img loading=\"lazy\" decoding=\"async\" width=\"1024\" height=\"1024\" src=\"https:\/\/sinbad2.ujaen.es\/wp-content\/uploads\/2025\/10\/logo3.png\" class=\"attachment-full size-full wp-post-image\" alt=\"\" itemprop=\"image\" srcset=\"https:\/\/sinbad2.ujaen.es\/wp-content\/uploads\/2025\/10\/logo3.png 1024w, https:\/\/sinbad2.ujaen.es\/wp-content\/uploads\/2025\/10\/logo3-300x300.png 300w, https:\/\/sinbad2.ujaen.es\/wp-content\/uploads\/2025\/10\/logo3-150x150.png 150w, https:\/\/sinbad2.ujaen.es\/wp-content\/uploads\/2025\/10\/logo3-768x768.png 768w, https:\/\/sinbad2.ujaen.es\/wp-content\/uploads\/2025\/10\/logo3-45x45.png 45w\" sizes=\"auto, (max-width: 1024px) 100vw, 1024px\" \/><\/a>\t\t<\/div>\n\t\t\t\t\t\t\t\t<header class=\"wp-show-posts-entry-header\">\n\t\t\t\t\t\t\t<h2 class=\"wp-show-posts-entry-title\" itemprop=\"headline\"><a href=\"https:\/\/sinbad2.ujaen.es\/?grupo=grupo-2\" rel=\"bookmark\">Laboratorio de Toma de Decisiones<\/a><\/h2>\t\t\t\t\t\t<\/header><!-- .entry-header -->\n\t\t\t\t\t\t\t\t\t\t\t<div class=\"wp-show-posts-entry-summary\" itemprop=\"text\">\n\t\t\t\t\t\t\t<p>El laboratorio de\u00a0toma de decisiones\u00a0se centra en el estudio de los procesos, m\u00e9todos y herramientas que permiten seleccionar la mejor alternativa posible ante diferentes opciones, considerando m\u00faltiples criterios, objetivos y&#8230;<\/p>\n\t\t\t\t\t\t<\/div><!-- .entry-summary -->\n\t\t\t\t\t<\/div><!-- wp-show-posts-inner --><div class=\"wpsp-clear\"><\/div><\/article><article class=\" wp-show-posts-single wpsp-clearfix post-1909 grupo type-grupo status-publish hentry\" itemtype=\"http:\/\/schema.org\/CreativeWork\" itemscope><div class=\"wp-show-posts-inner\" style=\"\">\t\t\t\t\t\t<header class=\"wp-show-posts-entry-header\">\n\t\t\t\t\t\t\t<h2 class=\"wp-show-posts-entry-title\" itemprop=\"headline\"><a href=\"https:\/\/sinbad2.ujaen.es\/?grupo=grupo-1\" rel=\"bookmark\">Laboratorio de Tecnolog\u00edas de Registro Distribuido<\/a><\/h2>\t\t\t\t\t\t<\/header><!-- .entry-header -->\n\t\t\t\t\t\t\t\t\t\t\t<div class=\"wp-show-posts-entry-summary\" itemprop=\"text\">\n\t\t\t\t\t\t\t<p>El laboratorio centra su actividad en la\u00a0investigaci\u00f3n aplicada y la transferencia tecnol\u00f3gica\u00a0en el \u00e1mbito de las\u00a0tecnolog\u00edas de registro distribuido (DLT), con el prop\u00f3sito de ofrecer soluciones reales a retos tecnol\u00f3gicos&#8230;<\/p>\n\t\t\t\t\t\t<\/div><!-- .entry-summary -->\n\t\t\t\t\t<\/div><!-- wp-show-posts-inner --><div class=\"wpsp-clear\"><\/div><\/article><\/section><!-- .wp-show-posts -->\n","protected":false},"excerpt":{"rendered":"","protected":false},"author":1,"featured_media":0,"parent":0,"menu_order":0,"comment_status":"closed","ping_status":"closed","template":"","meta":{"_acf_changed":false,"footnotes":"","_links_to":"","_links_to_target":""},"class_list":["post-1914","page","type-page","status-publish","hentry"],"acf":[],"_links":{"self":[{"href":"https:\/\/sinbad2.ujaen.es\/index.php?rest_route=\/wp\/v2\/pages\/1914","targetHints":{"allow":["GET"]}}],"collection":[{"href":"https:\/\/sinbad2.ujaen.es\/index.php?rest_route=\/wp\/v2\/pages"}],"about":[{"href":"https:\/\/sinbad2.ujaen.es\/index.php?rest_route=\/wp\/v2\/types\/page"}],"author":[{"embeddable":true,"href":"https:\/\/sinbad2.ujaen.es\/index.php?rest_route=\/wp\/v2\/users\/1"}],"replies":[{"embeddable":true,"href":"https:\/\/sinbad2.ujaen.es\/index.php?rest_route=%2Fwp%2Fv2%2Fcomments&post=1914"}],"version-history":[{"count":3,"href":"https:\/\/sinbad2.ujaen.es\/index.php?rest_route=\/wp\/v2\/pages\/1914\/revisions"}],"predecessor-version":[{"id":1985,"href":"https:\/\/sinbad2.ujaen.es\/index.php?rest_route=\/wp\/v2\/pages\/1914\/revisions\/1985"}],"wp:attachment":[{"href":"https:\/\/sinbad2.ujaen.es\/index.php?rest_route=%2Fwp%2Fv2%2Fmedia&parent=1914"}],"curies":[{"name":"wp","href":"https:\/\/api.w.org\/{rel}","templated":true}]}}